{"id":257,"date":"2025-03-03T11:31:48","date_gmt":"2025-03-03T10:31:48","guid":{"rendered":"https:\/\/staging.plompetorenzicht.nl\/die-umwelt\/"},"modified":"2025-05-19T14:46:29","modified_gmt":"2025-05-19T12:46:29","slug":"die-umwelt","status":"publish","type":"page","link":"https:\/\/www.plompetorenzicht.nl\/de\/die-umwelt\/","title":{"rendered":"Die Umwelt"},"content":{"rendered":"\n<p>B&amp;B Plompetorenzicht befindet sich in der N\u00e4he der Str\u00e4nde, des Dominiale-Waldes und des k\u00fcrzlich renovierten und weithin bekannten Deltaparks Neeltje Jans. Wir befinden uns auch in der N\u00e4he der wichtigsten Naturschutzgebiete, wie den Koudekerkse inlagen und den Schouwense Karrevelden, De Schelphoek und dem Prunje-Polder (Plan Tureluur) der Insel Schouwen-Duiveland. F\u00fcr Taucher gibt es die M\u00f6glichkeit, die Oosterschelde unter Wasser zu erkunden.<\/p>\n\n<p><\/p>\n","protected":false},"excerpt":{"rendered":"<p>B&amp;B Plompetorenzicht befindet sich in der N\u00e4he der Str\u00e4nde, des Dominiale-Waldes und des k\u00fcrzlich renovierten und weithin bekannten Deltaparks Neeltje Jans. Wir befinden uns auch in der N\u00e4he der wichtigsten Naturschutzgebiete, wie den Koudekerkse inlagen und den Schouwense Karrevelden, De Schelphoek und dem Prunje-Polder (Plan Tureluur) der Insel Schouwen-Duiveland. F\u00fcr Taucher gibt es die M\u00f6glichkeit, [&hellip;]<\/p>\n","protected":false},"author":1,"featured_media":0,"parent":0,"menu_order":0,"comment_status":"closed","ping_status":"closed","template":"","meta":{"_acf_changed":false,"footnotes":""},"class_list":["post-257","page","type-page","status-publish","hentry"],"acf":[],"yoast_head":"<!-- This site is optimized with the Yoast SEO plugin v27.4 - https:\/\/yoast.com\/product\/yoast-seo-wordpress\/ -->\n<title>Die Umwelt - B&amp;B Plompetorenzicht<\/title>\n<meta name=\"robots\" content=\"index, follow, max-snippet:-1, max-image-preview:large, max-video-preview:-1\" \/>\n<link rel=\"canonical\" href=\"https:\/\/www.plompetorenzicht.nl\/de-omgeving\/\" \/>\n<meta property=\"og:locale\" content=\"de_DE\" \/>\n<meta property=\"og:type\" content=\"article\" \/>\n<meta property=\"og:title\" content=\"Die Umwelt - B&amp;B Plompetorenzicht\" \/>\n<meta property=\"og:description\" content=\"B&amp;B Plompetorenzicht befindet sich in der N\u00e4he der Str\u00e4nde, des Dominiale-Waldes und des k\u00fcrzlich renovierten und weithin bekannten Deltaparks Neeltje Jans. Wir befinden uns auch in der N\u00e4he der wichtigsten Naturschutzgebiete, wie den Koudekerkse inlagen und den Schouwense Karrevelden, De Schelphoek und dem Prunje-Polder (Plan Tureluur) der Insel Schouwen-Duiveland. F\u00fcr Taucher gibt es die M\u00f6glichkeit, [&hellip;]\" \/>\n<meta property=\"og:url\" content=\"https:\/\/www.plompetorenzicht.nl\/de-omgeving\/\" \/>\n<meta property=\"og:site_name\" content=\"B&amp;B Plompetorenzicht\" \/>\n<meta property=\"article:modified_time\" content=\"2025-05-19T12:46:29+00:00\" \/>\n<meta name=\"twitter:card\" content=\"summary_large_image\" \/>\n<script type=\"application\/ld+json\" class=\"yoast-schema-graph\">{\"@context\":\"https:\\\/\\\/schema.org\",\"@graph\":[{\"@type\":\"WebPage\",\"@id\":\"https:\\\/\\\/www.plompetorenzicht.nl\\\/de-omgeving\\\/\",\"url\":\"https:\\\/\\\/www.plompetorenzicht.nl\\\/de-omgeving\\\/\",\"name\":\"Die Umwelt - B&amp;B Plompetorenzicht\",\"isPartOf\":{\"@id\":\"https:\\\/\\\/www.plompetorenzicht.nl\\\/de\\\/#website\"},\"datePublished\":\"2025-03-03T10:31:48+00:00\",\"dateModified\":\"2025-05-19T12:46:29+00:00\",\"breadcrumb\":{\"@id\":\"https:\\\/\\\/www.plompetorenzicht.nl\\\/de-omgeving\\\/#breadcrumb\"},\"inLanguage\":\"de\",\"potentialAction\":[{\"@type\":\"ReadAction\",\"target\":[\"https:\\\/\\\/www.plompetorenzicht.nl\\\/de-omgeving\\\/\"]}]},{\"@type\":\"BreadcrumbList\",\"@id\":\"https:\\\/\\\/www.plompetorenzicht.nl\\\/de-omgeving\\\/#breadcrumb\",\"itemListElement\":[{\"@type\":\"ListItem\",\"position\":1,\"name\":\"Home\",\"item\":\"https:\\\/\\\/www.plompetorenzicht.nl\\\/de\\\/\"},{\"@type\":\"ListItem\",\"position\":2,\"name\":\"Die Umwelt\"}]},{\"@type\":\"WebSite\",\"@id\":\"https:\\\/\\\/www.plompetorenzicht.nl\\\/de\\\/#website\",\"url\":\"https:\\\/\\\/www.plompetorenzicht.nl\\\/de\\\/\",\"name\":\"B&amp;B Plompetorenzicht\",\"description\":\"Luxe, natuur en genieten\",\"potentialAction\":[{\"@type\":\"SearchAction\",\"target\":{\"@type\":\"EntryPoint\",\"urlTemplate\":\"https:\\\/\\\/www.plompetorenzicht.nl\\\/de\\\/?s={search_term_string}\"},\"query-input\":{\"@type\":\"PropertyValueSpecification\",\"valueRequired\":true,\"valueName\":\"search_term_string\"}}],\"inLanguage\":\"de\"}]}<\/script>\n<!-- \/ Yoast SEO plugin. -->","yoast_head_json":{"title":"Die Umwelt - B&amp;B Plompetorenzicht","robots":{"index":"index","follow":"follow","max-snippet":"max-snippet:-1","max-image-preview":"max-image-preview:large","max-video-preview":"max-video-preview:-1"},"canonical":"https:\/\/www.plompetorenzicht.nl\/de-omgeving\/","og_locale":"de_DE","og_type":"article","og_title":"Die Umwelt - B&amp;B Plompetorenzicht","og_description":"B&amp;B Plompetorenzicht befindet sich in der N\u00e4he der Str\u00e4nde, des Dominiale-Waldes und des k\u00fcrzlich renovierten und weithin bekannten Deltaparks Neeltje Jans. Wir befinden uns auch in der N\u00e4he der wichtigsten Naturschutzgebiete, wie den Koudekerkse inlagen und den Schouwense Karrevelden, De Schelphoek und dem Prunje-Polder (Plan Tureluur) der Insel Schouwen-Duiveland. F\u00fcr Taucher gibt es die M\u00f6glichkeit, [&hellip;]","og_url":"https:\/\/www.plompetorenzicht.nl\/de-omgeving\/","og_site_name":"B&amp;B Plompetorenzicht","article_modified_time":"2025-05-19T12:46:29+00:00","twitter_card":"summary_large_image","schema":{"@context":"https:\/\/schema.org","@graph":[{"@type":"WebPage","@id":"https:\/\/www.plompetorenzicht.nl\/de-omgeving\/","url":"https:\/\/www.plompetorenzicht.nl\/de-omgeving\/","name":"Die Umwelt - B&amp;B Plompetorenzicht","isPartOf":{"@id":"https:\/\/www.plompetorenzicht.nl\/de\/#website"},"datePublished":"2025-03-03T10:31:48+00:00","dateModified":"2025-05-19T12:46:29+00:00","breadcrumb":{"@id":"https:\/\/www.plompetorenzicht.nl\/de-omgeving\/#breadcrumb"},"inLanguage":"de","potentialAction":[{"@type":"ReadAction","target":["https:\/\/www.plompetorenzicht.nl\/de-omgeving\/"]}]},{"@type":"BreadcrumbList","@id":"https:\/\/www.plompetorenzicht.nl\/de-omgeving\/#breadcrumb","itemListElement":[{"@type":"ListItem","position":1,"name":"Home","item":"https:\/\/www.plompetorenzicht.nl\/de\/"},{"@type":"ListItem","position":2,"name":"Die Umwelt"}]},{"@type":"WebSite","@id":"https:\/\/www.plompetorenzicht.nl\/de\/#website","url":"https:\/\/www.plompetorenzicht.nl\/de\/","name":"B&amp;B Plompetorenzicht","description":"Luxe, natuur en genieten","potentialAction":[{"@type":"SearchAction","target":{"@type":"EntryPoint","urlTemplate":"https:\/\/www.plompetorenzicht.nl\/de\/?s={search_term_string}"},"query-input":{"@type":"PropertyValueSpecification","valueRequired":true,"valueName":"search_term_string"}}],"inLanguage":"de"}]}},"_links":{"self":[{"href":"https:\/\/www.plompetorenzicht.nl\/de\/wp-json\/wp\/v2\/pages\/257","targetHints":{"allow":["GET"]}}],"collection":[{"href":"https:\/\/www.plompetorenzicht.nl\/de\/wp-json\/wp\/v2\/pages"}],"about":[{"href":"https:\/\/www.plompetorenzicht.nl\/de\/wp-json\/wp\/v2\/types\/page"}],"author":[{"embeddable":true,"href":"https:\/\/www.plompetorenzicht.nl\/de\/wp-json\/wp\/v2\/users\/1"}],"replies":[{"embeddable":true,"href":"https:\/\/www.plompetorenzicht.nl\/de\/wp-json\/wp\/v2\/comments?post=257"}],"version-history":[{"count":4,"href":"https:\/\/www.plompetorenzicht.nl\/de\/wp-json\/wp\/v2\/pages\/257\/revisions"}],"predecessor-version":[{"id":265,"href":"https:\/\/www.plompetorenzicht.nl\/de\/wp-json\/wp\/v2\/pages\/257\/revisions\/265"}],"wp:attachment":[{"href":"https:\/\/www.plompetorenzicht.nl\/de\/wp-json\/wp\/v2\/media?parent=257"}],"curies":[{"name":"wp","href":"https:\/\/api.w.org\/{rel}","templated":true}]}}