{"id":259,"date":"2025-03-03T11:31:58","date_gmt":"2025-03-03T10:31:58","guid":{"rendered":"https:\/\/staging.plompetorenzicht.nl\/fotos\/"},"modified":"2025-11-04T13:40:09","modified_gmt":"2025-11-04T12:40:09","slug":"fotos","status":"publish","type":"page","link":"https:\/\/www.plompetorenzicht.nl\/de\/fotos\/","title":{"rendered":"Fotos"},"content":{"rendered":"\nB&#038;B Plompetorenzicht ist seit dem 27. M\u00e4rz 2005 auf Schouwen-Duiveland aktiv. B&#038;B Plompetorenzicht liegt in der l\u00e4ndlichen Gegend von Burgh-Haamstede in Zeeland. Wir hei\u00dfen Sie herzlich willkommen auf diesem Bauernhof aus dem Jahr 1956. Von diesem sch\u00f6nen und ruhigen Ort aus k\u00f6nnen Sie die wundersch\u00f6ne Insel erkunden.\n\n<p><\/p>\n","protected":false},"excerpt":{"rendered":"<p>B&#038;B Plompetorenzicht ist seit dem 27. M\u00e4rz 2005 auf Schouwen-Duiveland aktiv. B&#038;B Plompetorenzicht liegt in der l\u00e4ndlichen Gegend von Burgh-Haamstede in Zeeland. Wir hei\u00dfen Sie herzlich willkommen auf diesem Bauernhof aus dem Jahr 1956. Von diesem sch\u00f6nen und ruhigen Ort aus k\u00f6nnen Sie die wundersch\u00f6ne Insel erkunden.<\/p>\n","protected":false},"author":1,"featured_media":0,"parent":0,"menu_order":0,"comment_status":"closed","ping_status":"closed","template":"","meta":{"_acf_changed":false,"footnotes":""},"class_list":["post-259","page","type-page","status-publish","hentry"],"acf":[],"yoast_head":"<!-- This site is optimized with the Yoast SEO plugin v27.4 - https:\/\/yoast.com\/product\/yoast-seo-wordpress\/ -->\n<title>Fotos - B&amp;B Plompetorenzicht<\/title>\n<meta name=\"robots\" content=\"index, follow, max-snippet:-1, max-image-preview:large, max-video-preview:-1\" \/>\n<link rel=\"canonical\" href=\"https:\/\/www.plompetorenzicht.nl\/de\/fotos\/\" \/>\n<meta property=\"og:locale\" content=\"de_DE\" \/>\n<meta property=\"og:type\" content=\"article\" \/>\n<meta property=\"og:title\" content=\"Fotos - B&amp;B Plompetorenzicht\" \/>\n<meta property=\"og:description\" content=\"B&#038;B Plompetorenzicht ist seit dem 27. M\u00e4rz 2005 auf Schouwen-Duiveland aktiv. B&#038;B Plompetorenzicht liegt in der l\u00e4ndlichen Gegend von Burgh-Haamstede in Zeeland. Wir hei\u00dfen Sie herzlich willkommen auf diesem Bauernhof aus dem Jahr 1956. Von diesem sch\u00f6nen und ruhigen Ort aus k\u00f6nnen Sie die wundersch\u00f6ne Insel erkunden.\" \/>\n<meta property=\"og:url\" content=\"https:\/\/www.plompetorenzicht.nl\/de\/fotos\/\" \/>\n<meta property=\"og:site_name\" content=\"B&amp;B Plompetorenzicht\" \/>\n<meta property=\"article:modified_time\" content=\"2025-11-04T12:40:09+00:00\" \/>\n<meta name=\"twitter:card\" content=\"summary_large_image\" \/>\n<script type=\"application\/ld+json\" class=\"yoast-schema-graph\">{\"@context\":\"https:\\\/\\\/schema.org\",\"@graph\":[{\"@type\":\"WebPage\",\"@id\":\"https:\\\/\\\/www.plompetorenzicht.nl\\\/de\\\/fotos\\\/\",\"url\":\"https:\\\/\\\/www.plompetorenzicht.nl\\\/de\\\/fotos\\\/\",\"name\":\"Fotos - B&amp;B Plompetorenzicht\",\"isPartOf\":{\"@id\":\"https:\\\/\\\/www.plompetorenzicht.nl\\\/de\\\/#website\"},\"datePublished\":\"2025-03-03T10:31:58+00:00\",\"dateModified\":\"2025-11-04T12:40:09+00:00\",\"breadcrumb\":{\"@id\":\"https:\\\/\\\/www.plompetorenzicht.nl\\\/de\\\/fotos\\\/#breadcrumb\"},\"inLanguage\":\"de\",\"potentialAction\":[{\"@type\":\"ReadAction\",\"target\":[\"https:\\\/\\\/www.plompetorenzicht.nl\\\/de\\\/fotos\\\/\"]}]},{\"@type\":\"BreadcrumbList\",\"@id\":\"https:\\\/\\\/www.plompetorenzicht.nl\\\/de\\\/fotos\\\/#breadcrumb\",\"itemListElement\":[{\"@type\":\"ListItem\",\"position\":1,\"name\":\"Home\",\"item\":\"https:\\\/\\\/www.plompetorenzicht.nl\\\/de\\\/\"},{\"@type\":\"ListItem\",\"position\":2,\"name\":\"Fotos\"}]},{\"@type\":\"WebSite\",\"@id\":\"https:\\\/\\\/www.plompetorenzicht.nl\\\/de\\\/#website\",\"url\":\"https:\\\/\\\/www.plompetorenzicht.nl\\\/de\\\/\",\"name\":\"B&amp;B Plompetorenzicht\",\"description\":\"Luxe, natuur en genieten\",\"potentialAction\":[{\"@type\":\"SearchAction\",\"target\":{\"@type\":\"EntryPoint\",\"urlTemplate\":\"https:\\\/\\\/www.plompetorenzicht.nl\\\/de\\\/?s={search_term_string}\"},\"query-input\":{\"@type\":\"PropertyValueSpecification\",\"valueRequired\":true,\"valueName\":\"search_term_string\"}}],\"inLanguage\":\"de\"}]}<\/script>\n<!-- \/ Yoast SEO plugin. -->","yoast_head_json":{"title":"Fotos - B&amp;B Plompetorenzicht","robots":{"index":"index","follow":"follow","max-snippet":"max-snippet:-1","max-image-preview":"max-image-preview:large","max-video-preview":"max-video-preview:-1"},"canonical":"https:\/\/www.plompetorenzicht.nl\/de\/fotos\/","og_locale":"de_DE","og_type":"article","og_title":"Fotos - B&amp;B Plompetorenzicht","og_description":"B&#038;B Plompetorenzicht ist seit dem 27. M\u00e4rz 2005 auf Schouwen-Duiveland aktiv. B&#038;B Plompetorenzicht liegt in der l\u00e4ndlichen Gegend von Burgh-Haamstede in Zeeland. Wir hei\u00dfen Sie herzlich willkommen auf diesem Bauernhof aus dem Jahr 1956. Von diesem sch\u00f6nen und ruhigen Ort aus k\u00f6nnen Sie die wundersch\u00f6ne Insel erkunden.","og_url":"https:\/\/www.plompetorenzicht.nl\/de\/fotos\/","og_site_name":"B&amp;B Plompetorenzicht","article_modified_time":"2025-11-04T12:40:09+00:00","twitter_card":"summary_large_image","schema":{"@context":"https:\/\/schema.org","@graph":[{"@type":"WebPage","@id":"https:\/\/www.plompetorenzicht.nl\/de\/fotos\/","url":"https:\/\/www.plompetorenzicht.nl\/de\/fotos\/","name":"Fotos - B&amp;B Plompetorenzicht","isPartOf":{"@id":"https:\/\/www.plompetorenzicht.nl\/de\/#website"},"datePublished":"2025-03-03T10:31:58+00:00","dateModified":"2025-11-04T12:40:09+00:00","breadcrumb":{"@id":"https:\/\/www.plompetorenzicht.nl\/de\/fotos\/#breadcrumb"},"inLanguage":"de","potentialAction":[{"@type":"ReadAction","target":["https:\/\/www.plompetorenzicht.nl\/de\/fotos\/"]}]},{"@type":"BreadcrumbList","@id":"https:\/\/www.plompetorenzicht.nl\/de\/fotos\/#breadcrumb","itemListElement":[{"@type":"ListItem","position":1,"name":"Home","item":"https:\/\/www.plompetorenzicht.nl\/de\/"},{"@type":"ListItem","position":2,"name":"Fotos"}]},{"@type":"WebSite","@id":"https:\/\/www.plompetorenzicht.nl\/de\/#website","url":"https:\/\/www.plompetorenzicht.nl\/de\/","name":"B&amp;B Plompetorenzicht","description":"Luxe, natuur en genieten","potentialAction":[{"@type":"SearchAction","target":{"@type":"EntryPoint","urlTemplate":"https:\/\/www.plompetorenzicht.nl\/de\/?s={search_term_string}"},"query-input":{"@type":"PropertyValueSpecification","valueRequired":true,"valueName":"search_term_string"}}],"inLanguage":"de"}]}},"_links":{"self":[{"href":"https:\/\/www.plompetorenzicht.nl\/de\/wp-json\/wp\/v2\/pages\/259","targetHints":{"allow":["GET"]}}],"collection":[{"href":"https:\/\/www.plompetorenzicht.nl\/de\/wp-json\/wp\/v2\/pages"}],"about":[{"href":"https:\/\/www.plompetorenzicht.nl\/de\/wp-json\/wp\/v2\/types\/page"}],"author":[{"embeddable":true,"href":"https:\/\/www.plompetorenzicht.nl\/de\/wp-json\/wp\/v2\/users\/1"}],"replies":[{"embeddable":true,"href":"https:\/\/www.plompetorenzicht.nl\/de\/wp-json\/wp\/v2\/comments?post=259"}],"version-history":[{"count":1,"href":"https:\/\/www.plompetorenzicht.nl\/de\/wp-json\/wp\/v2\/pages\/259\/revisions"}],"predecessor-version":[{"id":260,"href":"https:\/\/www.plompetorenzicht.nl\/de\/wp-json\/wp\/v2\/pages\/259\/revisions\/260"}],"wp:attachment":[{"href":"https:\/\/www.plompetorenzicht.nl\/de\/wp-json\/wp\/v2\/media?parent=259"}],"curies":[{"name":"wp","href":"https:\/\/api.w.org\/{rel}","templated":true}]}}